{"id":1059,"date":"2022-03-04T23:01:37","date_gmt":"2022-03-04T23:01:37","guid":{"rendered":"https:\/\/www.saborosax.com\/web\/?page_id=1059"},"modified":"2022-12-07T19:18:36","modified_gmt":"2022-12-07T19:18:36","slug":"verkauf-und-restaurierung-von-saxophonen-in-barcelona","status":"publish","type":"page","link":"https:\/\/www.saborosax.com\/web\/verkauf-und-restaurierung-von-saxophonen-in-barcelona\/","title":{"rendered":"Verkauf und Restaurierung von Saxophonen in Barcelona"},"content":{"rendered":"\n<div class=\"inherit-container-width wp-block-group alignfull header-page-home no-pading-top no-pading-bottom has-ast-global-color-5-background-color has-background is-layout-constrained wp-block-group-is-layout-constrained\"><div class=\"wp-block-group__inner-container\">\n<div class=\"wp-block-media-text alignwide is-vertically-aligned-center is-stacked-on-mobile rounded foto-home foto-home-rounded\" style=\"grid-template-columns:45% auto\"><figure class=\"wp-block-media-text__media\"><img loading=\"lazy\" decoding=\"async\" width=\"841\" height=\"841\" src=\"https:\/\/www.saborosax.com\/web\/wp-content\/uploads\/2022\/02\/saborosax-rabbit.jpg\" alt=\"\" class=\"wp-image-901 size-full\" srcset=\"https:\/\/www.saborosax.com\/web\/wp-content\/uploads\/2022\/02\/saborosax-rabbit.jpg 841w, https:\/\/www.saborosax.com\/web\/wp-content\/uploads\/2022\/02\/saborosax-rabbit-100x100.jpg 100w, https:\/\/www.saborosax.com\/web\/wp-content\/uploads\/2022\/02\/saborosax-rabbit-600x600.jpg 600w, https:\/\/www.saborosax.com\/web\/wp-content\/uploads\/2022\/02\/saborosax-rabbit-300x300.jpg 300w, https:\/\/www.saborosax.com\/web\/wp-content\/uploads\/2022\/02\/saborosax-rabbit-150x150.jpg 150w, https:\/\/www.saborosax.com\/web\/wp-content\/uploads\/2022\/02\/saborosax-rabbit-768x768.jpg 768w\" sizes=\"auto, (max-width: 841px) 100vw, 841px\" \/><\/figure><div class=\"wp-block-media-text__content\">\n<h1 class=\"wp-block-heading\"><strong><strong>Verkauf und Restaurierung von Saxophonen<\/strong><\/strong><\/h1>\n\n\n\n<h4 class=\"wp-block-heading\">Wir bieten Ihnen unsere restaurierten Saxophone an, die von oben bis unten klingen, mit ausgewogenem Widerstand und mit ihrem besonderen Klang.<\/h4>\n\n\n\n<hr class=\"wp-block-separator has-text-color has-ast-global-color-1-color has-css-opacity has-ast-global-color-1-background-color has-background is-style-default\"\/>\n\n\n\n<p>Lediglich kleine Sch\u00f6nheitsfehler schlagen sich im Preis nieder und beeintr\u00e4chtigen nicht den Klang und die Ergonomie.<\/p>\n\n\n\n<div class=\"wp-block-buttons is-layout-flex wp-block-buttons-is-layout-flex\">\n<div class=\"wp-block-button\"><a class=\"wp-block-button__link wp-element-button\" href=\"https:\/\/www.saborosax.com\/web\/cataleg\/\" rel=\"#\">Greifen Sie auf den Katalog zu<\/a><\/div>\n\n\n\n<div class=\"wp-block-button is-style-outline is-style-outline--1\"><a class=\"wp-block-button__link wp-element-button\" href=\"https:\/\/www.saborosax.com\/cataleg.pdf\" target=\"_blank\" rel=\"noreferrer noopener\">Katalog (PDF)<\/a><\/div>\n<\/div>\n<\/div><\/div>\n<\/div><\/div>\n\n\n\n<div class=\"inherit-container-width wp-block-group alignfull has-ast-global-color-4-background-color has-background is-layout-constrained wp-block-group-is-layout-constrained\"><div class=\"wp-block-group__inner-container\">\n<h2 class=\"has-text-align-center wp-block-heading\">Finden Sie Ihr Saxophon<\/h2>\n\n\n\n<p class=\"has-text-align-center\">Bei Saborosax finden Sie die unterschiedlichsten Modelle und k\u00f6nnen ein Sopran-, Alt-, Tenor- oder Bariton-Saxophon kaufen. Greifen Sie auf den Katalog zu, um Ihren auszuw\u00e4hlen.<\/p>\n\n\n\n<div style=\"height:20px\" aria-hidden=\"true\" class=\"wp-block-spacer\"><\/div>\n\n\n<div class=\"woocommerce columns-4\"><ul class=\"products columns-4\">\n<li class=\"product-category product first\">\n\t<a aria-label=\"Visiteu la categoria de producte Sopr\u00e0\" href=\"https:\/\/www.saborosax.com\/web\/categoria\/soprano\/\"><img loading=\"lazy\" decoding=\"async\" src=\"https:\/\/www.saborosax.com\/web\/wp-content\/uploads\/2022\/03\/saborosax-soprano-icon-bg-300x225.jpg\" alt=\"Sopr\u00e0\" width=\"300\" height=\"225\" \/>\t\t<h2 class=\"woocommerce-loop-category__title\">\n\t\t\tSopr\u00e0<mark class=\"count\">28 Products<\/mark>\t\t<\/h2>\n\t\t<\/a><\/li>\n<li class=\"product-category product\">\n\t<a aria-label=\"Visiteu la categoria de producte Alt\" href=\"https:\/\/www.saborosax.com\/web\/categoria\/alto\/\"><img loading=\"lazy\" decoding=\"async\" src=\"https:\/\/www.saborosax.com\/web\/wp-content\/uploads\/2022\/03\/saborosax-alto-icon-bg-300x225.jpg\" alt=\"Alt\" width=\"300\" height=\"225\" \/>\t\t<h2 class=\"woocommerce-loop-category__title\">\n\t\t\tAlt<mark class=\"count\">164 Products<\/mark>\t\t<\/h2>\n\t\t<\/a><\/li>\n<li class=\"product-category product\">\n\t<a aria-label=\"Visiteu la categoria de producte Tenor\" href=\"https:\/\/www.saborosax.com\/web\/categoria\/tenor\/\"><img loading=\"lazy\" decoding=\"async\" src=\"https:\/\/www.saborosax.com\/web\/wp-content\/uploads\/2022\/03\/saborosax-tenor-icon-bg-300x225.jpg\" alt=\"Tenor\" width=\"300\" height=\"225\" \/>\t\t<h2 class=\"woocommerce-loop-category__title\">\n\t\t\tTenor<mark class=\"count\">105 Products<\/mark>\t\t<\/h2>\n\t\t<\/a><\/li>\n<li class=\"product-category product last\">\n\t<a aria-label=\"Visiteu la categoria de producte Bar\u00edton\" href=\"https:\/\/www.saborosax.com\/web\/categoria\/bariton\/\"><img loading=\"lazy\" decoding=\"async\" src=\"https:\/\/www.saborosax.com\/web\/wp-content\/uploads\/2022\/03\/saborosax-bariton-icon-bg-300x225.jpg\" alt=\"Bar\u00edton\" width=\"300\" height=\"225\" \/>\t\t<h2 class=\"woocommerce-loop-category__title\">\n\t\t\tBar\u00edton<mark class=\"count\">7 Products<\/mark>\t\t<\/h2>\n\t\t<\/a><\/li>\n<\/ul>\n<\/div>\n\n\n\n<p>Preise mit der MwSt. eingeschlossen und ohne Transport. Garantie von 1 Jahr f\u00fcr Reparaturen nicht durch Nachl\u00e4ssigkeit oder schlechten Gebrauch verursacht. R\u00fcckkauf versichert  (Preis &#8211; MwSt. &#8211; 15%) auf dem Zugang zu einem Spitzenmodell (von Saborosax, nat\u00fcrlich, und innerhalb 1 Jahres nicht danach 2). Ich bevorzuge den pers\u00f6nlichen Verkauf. M\u00f6glichkeit des Tests unverbindlich. M\u00f6gliche R\u00fcckkehr auf dem Fernabsatz mit einer 15\u20ac Geb\u00fchr. Nicht alles \u00fcbersetzen ist, f\u00fcr mehr Erl\u00e4uterungen und Beratungen\u2026<\/p>\n\n\n\n<div class=\"wp-block-buttons is-content-justification-center is-layout-flex wp-container-core-buttons-is-layout-a89b3969 wp-block-buttons-is-layout-flex\">\n<div class=\"wp-block-button\"><a class=\"wp-block-button__link wp-element-button\" href=\"https:\/\/www.saborosax.com\/web\/cataleg\/\">Katalog<\/a><\/div>\n\n\n\n<div class=\"wp-block-button is-style-outline is-style-outline--2\"><a class=\"wp-block-button__link wp-element-button\" href=\"https:\/\/www.saborosax.com\/web\/contacte\/\">Kontakt<\/a><\/div>\n<\/div>\n<\/div><\/div>\n\n\n\n<p><\/p>\n","protected":false},"excerpt":{"rendered":"<p>Verkauf und Restaurierung von Saxophonen Wir bieten Ihnen unsere restaurierten Saxophone an, die von oben bis unten klingen, mit ausgewogenem Widerstand und mit ihrem besonderen Klang. Lediglich kleine Sch\u00f6nheitsfehler schlagen sich im Preis nieder und beeintr\u00e4chtigen nicht den Klang und die Ergonomie. Finden Sie Ihr Saxophon Bei Saborosax finden Sie die unterschiedlichsten Modelle und k\u00f6nnen &hellip;<\/p>\n<p class=\"read-more\"> <a class=\"\" href=\"https:\/\/www.saborosax.com\/web\/verkauf-und-restaurierung-von-saxophonen-in-barcelona\/\"> <span class=\"screen-reader-text\">Verkauf und Restaurierung von Saxophonen in Barcelona<\/span> Llegeix m\u00e9s &raquo;<\/a><\/p>\n","protected":false},"author":2,"featured_media":0,"parent":0,"menu_order":0,"comment_status":"closed","ping_status":"closed","template":"","meta":{"site-sidebar-layout":"no-sidebar","site-content-layout":"plain-container","ast-global-header-display":"","ast-main-header-display":"","ast-hfb-above-header-display":"","ast-hfb-below-header-display":"","ast-hfb-mobile-header-display":"","site-post-title":"disabled","ast-breadcrumbs-content":"","ast-featured-img":"disabled","footer-sml-layout":"","theme-transparent-header-meta":"default","adv-header-id-meta":"","stick-header-meta":"","header-above-stick-meta":"","header-main-stick-meta":"","header-below-stick-meta":"","footnotes":""},"class_list":["post-1059","page","type-page","status-publish","hentry"],"_links":{"self":[{"href":"https:\/\/www.saborosax.com\/web\/wp-json\/wp\/v2\/pages\/1059","targetHints":{"allow":["GET"]}}],"collection":[{"href":"https:\/\/www.saborosax.com\/web\/wp-json\/wp\/v2\/pages"}],"about":[{"href":"https:\/\/www.saborosax.com\/web\/wp-json\/wp\/v2\/types\/page"}],"author":[{"embeddable":true,"href":"https:\/\/www.saborosax.com\/web\/wp-json\/wp\/v2\/users\/2"}],"replies":[{"embeddable":true,"href":"https:\/\/www.saborosax.com\/web\/wp-json\/wp\/v2\/comments?post=1059"}],"version-history":[{"count":31,"href":"https:\/\/www.saborosax.com\/web\/wp-json\/wp\/v2\/pages\/1059\/revisions"}],"predecessor-version":[{"id":2090,"href":"https:\/\/www.saborosax.com\/web\/wp-json\/wp\/v2\/pages\/1059\/revisions\/2090"}],"wp:attachment":[{"href":"https:\/\/www.saborosax.com\/web\/wp-json\/wp\/v2\/media?parent=1059"}],"curies":[{"name":"wp","href":"https:\/\/api.w.org\/{rel}","templated":true}]}}