{"id":252,"date":"2020-08-20T06:49:08","date_gmt":"2020-08-20T06:49:08","guid":{"rendered":"https:\/\/www.saborosax.com\/web\/about\/"},"modified":"2022-12-07T15:11:23","modified_gmt":"2022-12-07T15:11:23","slug":"qui","status":"publish","type":"page","link":"https:\/\/www.saborosax.com\/web\/qui\/","title":{"rendered":"Qui"},"content":{"rendered":"\n<div class=\"inherit-container-width wp-block-group alignfull has-ast-global-color-5-background-color has-background is-layout-constrained wp-block-group-is-layout-constrained\"><div class=\"wp-block-group__inner-container\">\n<h5 class=\"has-text-align-center wp-block-heading\">Ferran Soley (1959). Des de 1980 embrutant papers amb coses com aquestes:<\/h5>\n<\/div><\/div>\n\n\n\n<figure class=\"wp-block-embed is-type-video is-provider-youtube wp-block-embed-youtube wp-embed-aspect-16-9 wp-has-aspect-ratio\"><div class=\"wp-block-embed__wrapper\">\n<div class=\"ast-oembed-container\" style=\"height: 100%;\"><iframe loading=\"lazy\" title=\"20 anys del segle XX de grafista\" width=\"500\" height=\"281\" src=\"https:\/\/www.youtube.com\/embed\/flSYy_-0cvQ?feature=oembed\" frameborder=\"0\" allow=\"accelerometer; autoplay; clipboard-write; encrypted-media; gyroscope; picture-in-picture; web-share\" referrerpolicy=\"strict-origin-when-cross-origin\" allowfullscreen><\/iframe><\/div>\n<\/div><\/figure>\n\n\n\n<div style=\"height:50px\" aria-hidden=\"true\" class=\"wp-block-spacer\"><\/div>\n\n\n\n<h5 class=\"has-text-align-center wp-block-heading\">Una diverg\u00e8ncia creixent entre les meves habilitats i l&#8217;evoluci\u00f3 tecnol\u00f2gica i financera del ram em van fer decidir a l&#8217;abandonament.<\/h5>\n\n\n\n<h5 class=\"has-text-align-center wp-block-heading\">Un dia del 2003 vaig decidir acomplir un desig de joventut, tocar el sax\u00f2fon. Un tenor Jupiter 786 comprat a l&#8217;excel\u00b7lent botiga 3&#215;4 (tres per quatre) ja desafortunadament desapareguda, primeres marques amb servei de primera a c\u00e0rrec de persones de primera. Unes classes a l&#8217;escola l&#8217;<a rel=\"noreferrer noopener\" href=\"http:\/\/www.lantartida.com\/\" target=\"_blank\"><strong>Ant\u00e0rtida<\/strong><\/a> i endavant.<\/h5>\n\n\n\n<h5 class=\"has-text-align-center wp-block-heading\">Despr\u00e9s d&#8217;anys de lents \u00e8xits i errors de restauraci\u00f3 el 2013 ofereixo l&#8217;acc\u00e9s assequible a l&#8217;encant dels saxofons antics a les persones a qui, com a mi, hagi sedu\u00eft el m\u00f3n del saxo i fustes en general. A partir d&#8217;aqu\u00ed podeu comentar, consultar o criticar a:<\/h5>\n\n\n\n<div class=\"wp-block-buttons is-content-justification-center is-layout-flex wp-container-core-buttons-is-layout-a89b3969 wp-block-buttons-is-layout-flex\">\n<div class=\"wp-block-button\"><a class=\"wp-block-button__link wp-element-button\" href=\"https:\/\/www.saborosax.com\/web\/contacte\/\">Contacte<\/a><\/div>\n<\/div>\n\n\n\n<div style=\"height:75px\" aria-hidden=\"true\" class=\"wp-block-spacer\"><\/div>\n\n\n\n<p><\/p>\n","protected":false},"excerpt":{"rendered":"<p>Ferran Soley (1959). Des de 1980 embrutant papers amb coses com aquestes: Una diverg\u00e8ncia creixent entre les meves habilitats i l&#8217;evoluci\u00f3 tecnol\u00f2gica i financera del ram em van fer decidir a l&#8217;abandonament. Un dia del 2003 vaig decidir acomplir un desig de joventut, tocar el sax\u00f2fon. Un tenor Jupiter 786 comprat a l&#8217;excel\u00b7lent botiga 3&#215;4 &hellip;<\/p>\n<p class=\"read-more\"> <a class=\"\" href=\"https:\/\/www.saborosax.com\/web\/qui\/\"> <span class=\"screen-reader-text\">Qui<\/span> Llegeix m\u00e9s &raquo;<\/a><\/p>\n","protected":false},"author":2,"featured_media":0,"parent":0,"menu_order":0,"comment_status":"closed","ping_status":"closed","template":"","meta":{"site-sidebar-layout":"no-sidebar","site-content-layout":"plain-container","ast-global-header-display":"","ast-main-header-display":"","ast-hfb-above-header-display":"","ast-hfb-below-header-display":"","ast-hfb-mobile-header-display":"","site-post-title":"disabled","ast-breadcrumbs-content":"","ast-featured-img":"disabled","footer-sml-layout":"","theme-transparent-header-meta":"default","adv-header-id-meta":"","stick-header-meta":"","header-above-stick-meta":"","header-main-stick-meta":"","header-below-stick-meta":"","footnotes":""},"class_list":["post-252","page","type-page","status-publish","hentry"],"_links":{"self":[{"href":"https:\/\/www.saborosax.com\/web\/wp-json\/wp\/v2\/pages\/252","targetHints":{"allow":["GET"]}}],"collection":[{"href":"https:\/\/www.saborosax.com\/web\/wp-json\/wp\/v2\/pages"}],"about":[{"href":"https:\/\/www.saborosax.com\/web\/wp-json\/wp\/v2\/types\/page"}],"author":[{"embeddable":true,"href":"https:\/\/www.saborosax.com\/web\/wp-json\/wp\/v2\/users\/2"}],"replies":[{"embeddable":true,"href":"https:\/\/www.saborosax.com\/web\/wp-json\/wp\/v2\/comments?post=252"}],"version-history":[{"count":17,"href":"https:\/\/www.saborosax.com\/web\/wp-json\/wp\/v2\/pages\/252\/revisions"}],"predecessor-version":[{"id":2078,"href":"https:\/\/www.saborosax.com\/web\/wp-json\/wp\/v2\/pages\/252\/revisions\/2078"}],"wp:attachment":[{"href":"https:\/\/www.saborosax.com\/web\/wp-json\/wp\/v2\/media?parent=252"}],"curies":[{"name":"wp","href":"https:\/\/api.w.org\/{rel}","templated":true}]}}