{"id":254,"date":"2020-08-20T06:49:49","date_gmt":"2020-08-20T06:49:49","guid":{"rendered":"https:\/\/www.saborosax.com\/web\/e-books\/"},"modified":"2022-03-06T17:32:33","modified_gmt":"2022-03-06T17:32:33","slug":"restauracio","status":"publish","type":"page","link":"https:\/\/www.saborosax.com\/web\/restauracio\/","title":{"rendered":"Restauraci\u00f3"},"content":{"rendered":"\n<div class=\"wp-block-image restauracio-img-vertical\"><figure class=\"aligncenter size-full\"><img loading=\"lazy\" decoding=\"async\" width=\"565\" height=\"524\" src=\"https:\/\/www.saborosax.com\/web\/wp-content\/uploads\/2022\/03\/saborosax-restauracio-1.jpg\" alt=\"\" class=\"wp-image-1253\" srcset=\"https:\/\/www.saborosax.com\/web\/wp-content\/uploads\/2022\/03\/saborosax-restauracio-1.jpg 565w, https:\/\/www.saborosax.com\/web\/wp-content\/uploads\/2022\/03\/saborosax-restauracio-1-300x278.jpg 300w\" sizes=\"auto, (max-width: 565px) 100vw, 565px\" \/><\/figure><\/div>\n\n\n\n<div class=\"inherit-container-width wp-block-group alignfull no-pading-bottom restauracio-text has-ast-global-color-5-background-color has-background is-layout-constrained wp-block-group-is-layout-constrained\"><div class=\"wp-block-group__inner-container\">\n<div class=\"wp-block-columns alignfull is-layout-flex wp-container-core-columns-is-layout-28f84493 wp-block-columns-is-layout-flex\">\n<div class=\"wp-block-column is-layout-flow wp-block-column-is-layout-flow\">\n<h2 class=\"has-text-align-center has-ast-global-color-0-color has-text-color wp-block-heading\">1.<\/h2>\n\n\n\n<h5 class=\"has-text-align-center wp-block-heading\">Tot a m\u00e0<\/h5>\n<\/div>\n\n\n\n<div class=\"wp-block-column is-layout-flow wp-block-column-is-layout-flow\">\n<h2 class=\"has-text-align-center has-ast-global-color-0-color has-text-color wp-block-heading\">2.<\/h2>\n\n\n\n<h5 class=\"has-text-align-center wp-block-heading\">Mateix protocol i atenci\u00f3, tant per un Evette com per a un King Super 20<\/h5>\n<\/div>\n\n\n\n<div class=\"wp-block-column is-layout-flow wp-block-column-is-layout-flow\">\n<h2 class=\"has-text-align-center has-ast-global-color-0-color has-text-color wp-block-heading\">3.<\/h2>\n\n\n\n<h5 class=\"has-text-align-center wp-block-heading\">Abans i despr\u00e9s<\/h5>\n<\/div>\n\n\n\n<div class=\"wp-block-column is-layout-flow wp-block-column-is-layout-flow\">\n<h2 class=\"has-text-align-center has-ast-global-color-0-color has-text-color wp-block-heading\">4.<\/h2>\n\n\n\n<h5 class=\"has-text-align-center wp-block-heading\">Desmuntat complet<\/h5>\n<\/div>\n<\/div>\n<\/div><\/div>\n\n\n\n<figure class=\"wp-block-image size-full restauracio-img-horizontal\"><img loading=\"lazy\" decoding=\"async\" width=\"1562\" height=\"565\" src=\"https:\/\/www.saborosax.com\/web\/wp-content\/uploads\/2022\/03\/saborosax-restauracio.jpg\" alt=\"\" class=\"wp-image-1227\" srcset=\"https:\/\/www.saborosax.com\/web\/wp-content\/uploads\/2022\/03\/saborosax-restauracio.jpg 1562w, https:\/\/www.saborosax.com\/web\/wp-content\/uploads\/2022\/03\/saborosax-restauracio-600x217.jpg 600w, https:\/\/www.saborosax.com\/web\/wp-content\/uploads\/2022\/03\/saborosax-restauracio-300x109.jpg 300w, https:\/\/www.saborosax.com\/web\/wp-content\/uploads\/2022\/03\/saborosax-restauracio-1024x370.jpg 1024w, https:\/\/www.saborosax.com\/web\/wp-content\/uploads\/2022\/03\/saborosax-restauracio-768x278.jpg 768w, https:\/\/www.saborosax.com\/web\/wp-content\/uploads\/2022\/03\/saborosax-restauracio-1536x556.jpg 1536w\" sizes=\"auto, (max-width: 1562px) 100vw, 1562px\" \/><\/figure>\n\n\n\n<div class=\"wp-block-image restauracio-img-vertical\"><figure class=\"aligncenter size-full\"><img loading=\"lazy\" decoding=\"async\" width=\"565\" height=\"478\" src=\"https:\/\/www.saborosax.com\/web\/wp-content\/uploads\/2022\/03\/saborosax-restauracio-2.jpg\" alt=\"\" class=\"wp-image-1251\" srcset=\"https:\/\/www.saborosax.com\/web\/wp-content\/uploads\/2022\/03\/saborosax-restauracio-2.jpg 565w, https:\/\/www.saborosax.com\/web\/wp-content\/uploads\/2022\/03\/saborosax-restauracio-2-300x254.jpg 300w\" sizes=\"auto, (max-width: 565px) 100vw, 565px\" \/><\/figure><\/div>\n\n\n\n<div class=\"inherit-container-width wp-block-group alignfull no-pading-top restauracio-text has-ast-global-color-5-background-color has-background is-layout-constrained wp-block-group-is-layout-constrained\"><div class=\"wp-block-group__inner-container\">\n<div class=\"wp-block-columns alignfull is-layout-flex wp-container-core-columns-is-layout-28f84493 wp-block-columns-is-layout-flex\">\n<div class=\"wp-block-column is-layout-flow wp-block-column-is-layout-flow\">\n<h2 class=\"has-text-align-center has-ast-global-color-0-color has-text-color wp-block-heading\">5.<\/h2>\n\n\n\n<h5 class=\"has-text-align-center wp-block-heading\">Deslacat si cal<\/h5>\n<\/div>\n\n\n\n<div class=\"wp-block-column is-layout-flow wp-block-column-is-layout-flow\">\n<h2 class=\"has-text-align-center has-ast-global-color-0-color has-text-color wp-block-heading\">6.<\/h2>\n\n\n\n<h5 class=\"has-text-align-center wp-block-heading\">Neteja interna i externa<\/h5>\n<\/div>\n\n\n\n<div class=\"wp-block-column is-layout-flow wp-block-column-is-layout-flow\">\n<h2 class=\"has-text-align-center has-ast-global-color-0-color has-text-color wp-block-heading\">7.<\/h2>\n\n\n\n<h5 class=\"has-text-align-center wp-block-heading\">Anivellat de xemeneies, resoldats i reparaci\u00f3 de bonys<\/h5>\n<\/div>\n\n\n\n<div class=\"wp-block-column is-layout-flow wp-block-column-is-layout-flow\">\n<h2 class=\"has-text-align-center has-ast-global-color-0-color has-text-color wp-block-heading\">8.<\/h2>\n\n\n\n<h5 class=\"has-text-align-center wp-block-heading\">Abrillantat, muntatge i ajustos finals<\/h5>\n<\/div>\n<\/div>\n<\/div><\/div>\n\n\n\n<div class=\"wp-block-image restauracio-img-vertical\"><figure class=\"aligncenter size-full\"><img loading=\"lazy\" decoding=\"async\" width=\"565\" height=\"291\" src=\"https:\/\/www.saborosax.com\/web\/wp-content\/uploads\/2022\/03\/saborosax-restauracio-3.jpg\" alt=\"\" class=\"wp-image-1252\" srcset=\"https:\/\/www.saborosax.com\/web\/wp-content\/uploads\/2022\/03\/saborosax-restauracio-3.jpg 565w, https:\/\/www.saborosax.com\/web\/wp-content\/uploads\/2022\/03\/saborosax-restauracio-3-300x155.jpg 300w\" sizes=\"auto, (max-width: 565px) 100vw, 565px\" \/><\/figure><\/div>\n\n\n\n<div style=\"height:50px\" aria-hidden=\"true\" class=\"wp-block-spacer\"><\/div>\n","protected":false},"excerpt":{"rendered":"<p>1. Tot a m\u00e0 2. Mateix protocol i atenci\u00f3, tant per un Evette com per a un King Super 20 3. Abans i despr\u00e9s 4. Desmuntat complet 5. Deslacat si cal 6. Neteja interna i externa 7. Anivellat de xemeneies, resoldats i reparaci\u00f3 de bonys 8. Abrillantat, muntatge i ajustos finals<\/p>\n","protected":false},"author":2,"featured_media":0,"parent":0,"menu_order":0,"comment_status":"closed","ping_status":"closed","template":"","meta":{"site-sidebar-layout":"no-sidebar","site-content-layout":"plain-container","ast-global-header-display":"","ast-main-header-display":"","ast-hfb-above-header-display":"","ast-hfb-below-header-display":"","ast-hfb-mobile-header-display":"","site-post-title":"disabled","ast-breadcrumbs-content":"","ast-featured-img":"disabled","footer-sml-layout":"","theme-transparent-header-meta":"default","adv-header-id-meta":"","stick-header-meta":"","header-above-stick-meta":"","header-main-stick-meta":"","header-below-stick-meta":"","footnotes":""},"class_list":["post-254","page","type-page","status-publish","hentry"],"_links":{"self":[{"href":"https:\/\/www.saborosax.com\/web\/wp-json\/wp\/v2\/pages\/254","targetHints":{"allow":["GET"]}}],"collection":[{"href":"https:\/\/www.saborosax.com\/web\/wp-json\/wp\/v2\/pages"}],"about":[{"href":"https:\/\/www.saborosax.com\/web\/wp-json\/wp\/v2\/types\/page"}],"author":[{"embeddable":true,"href":"https:\/\/www.saborosax.com\/web\/wp-json\/wp\/v2\/users\/2"}],"replies":[{"embeddable":true,"href":"https:\/\/www.saborosax.com\/web\/wp-json\/wp\/v2\/comments?post=254"}],"version-history":[{"count":27,"href":"https:\/\/www.saborosax.com\/web\/wp-json\/wp\/v2\/pages\/254\/revisions"}],"predecessor-version":[{"id":1285,"href":"https:\/\/www.saborosax.com\/web\/wp-json\/wp\/v2\/pages\/254\/revisions\/1285"}],"wp:attachment":[{"href":"https:\/\/www.saborosax.com\/web\/wp-json\/wp\/v2\/media?parent=254"}],"curies":[{"name":"wp","href":"https:\/\/api.w.org\/{rel}","templated":true}]}}